{"id":30,"date":"2023-07-09T19:42:41","date_gmt":"2023-07-09T19:42:41","guid":{"rendered":"https:\/\/kullkraft.com\/home\/"},"modified":"2025-12-12T10:12:00","modified_gmt":"2025-12-12T10:12:00","slug":"home","status":"publish","type":"page","link":"https:\/\/kullkraft.com\/sr\/","title":{"rendered":"Po\u010detak"},"content":{"rendered":"<h2>Dobrodo\u0161li u Kullkraft<\/h2>\n<p>Kao ugledni tim stru\u010dnjaka u oblasti elektroenergetskog in\u017eenjeringa, posve\u0107eni smo pru\u017eanju vrhunskih usluga prilago\u0111enih ba\u0161 vama i va\u0161im potrebama. Od izrade projekata, prora\u010duna pa sve do monta\u017ee, pu\u0161tanja u rad i odr\u017eavanja sistema svih naponskih nivoa, nudimo vam najpouzdanija re\u0161enja na obostrano zadovoljstvo. <\/p><br><br>\n\n\n\n<div class=\"wp-block-media-text alignwide is-stacked-on-mobile\"><figure class=\"wp-block-media-text__media\"><img loading=\"lazy\" decoding=\"async\" width=\"683\" height=\"1024\" src=\"https:\/\/kullkraft.com\/wp-content\/uploads\/2023\/07\/windmill-ge23deb7be_1920-683x1024.jpg\" alt=\"\" class=\"wp-image-60 size-full\" srcset=\"https:\/\/kullkraft.com\/wp-content\/uploads\/2023\/07\/windmill-ge23deb7be_1920-683x1024.jpg 683w, https:\/\/kullkraft.com\/wp-content\/uploads\/2023\/07\/windmill-ge23deb7be_1920-200x300.jpg 200w, https:\/\/kullkraft.com\/wp-content\/uploads\/2023\/07\/windmill-ge23deb7be_1920-768x1152.jpg 768w, https:\/\/kullkraft.com\/wp-content\/uploads\/2023\/07\/windmill-ge23deb7be_1920-1024x1536.jpg 1024w, https:\/\/kullkraft.com\/wp-content\/uploads\/2023\/07\/windmill-ge23deb7be_1920-8x12.jpg 8w, https:\/\/kullkraft.com\/wp-content\/uploads\/2023\/07\/windmill-ge23deb7be_1920.jpg 1280w\" sizes=\"auto, (max-width: 683px) 100vw, 683px\" \/><\/figure><div class=\"wp-block-media-text__content\">\n<h4 class=\"wp-block-heading\">Na\u0161a uloga<\/h4>\n\n\n\n<h1 class=\"wp-block-heading\" style=\"text-transform:uppercase\">Mi preuzimamo brigu<\/h1>\n\n\n\n<p>Na\u0161 rad je sinonim za kvalitet, efikasnost i optimizaciju tro\u0161kova. U\u017eivajte u iskustvu koje je prilago\u0111eno korisniku, prijatno i zasnovano na prakti\u010dnosti.<\/p>\n\n\n\n<div class=\"wp-block-buttons is-content-justification-center is-layout-flex wp-container-core-buttons-is-layout-a89b3969 wp-block-buttons-is-layout-flex\">\n<div class=\"wp-block-button\"><a class=\"wp-block-button__link wp-element-button\" href=\"https:\/\/kullkraft.com\/sr\/services\/\">Na\u0161e usluge<\/a><\/div>\n<\/div>\n<\/div><\/div>\n\n\n\n<div style=\"height:52px\" aria-hidden=\"true\" class=\"wp-block-spacer\"><\/div>\n\n\n\n<hr class=\"wp-block-separator has-alpha-channel-opacity\"\/>\n\n\n\n<figure class=\"wp-block-image aligncenter size-large\"><img decoding=\"async\" src=\"https:\/\/www.companywall.rs\/image\/bonitet?id=3018068&amp;type=1&amp;y=2025&amp;v=&amp;lng=\" alt=\"\"\/><\/figure>\n\n\n\n<p><\/p>","protected":false},"excerpt":{"rendered":"<p>Welcome to Kullkraft As a reputable company in the field of electrical power engineering, we are dedicated to providing exceptional services tailored to your electrical power needs. From project design, calculations and consultation to system building, commissioning and maintenance, we deliver reliable solutions that optimize energy efficiency, reliability and ensure your satisfaction.<\/p>","protected":false},"author":0,"featured_media":0,"parent":0,"menu_order":0,"comment_status":"closed","ping_status":"closed","template":"","meta":{"inline_featured_image":false,"footnotes":""},"class_list":["post-30","page","type-page","status-publish","hentry"],"_links":{"self":[{"href":"https:\/\/kullkraft.com\/sr\/wp-json\/wp\/v2\/pages\/30","targetHints":{"allow":["GET"]}}],"collection":[{"href":"https:\/\/kullkraft.com\/sr\/wp-json\/wp\/v2\/pages"}],"about":[{"href":"https:\/\/kullkraft.com\/sr\/wp-json\/wp\/v2\/types\/page"}],"replies":[{"embeddable":true,"href":"https:\/\/kullkraft.com\/sr\/wp-json\/wp\/v2\/comments?post=30"}],"version-history":[{"count":23,"href":"https:\/\/kullkraft.com\/sr\/wp-json\/wp\/v2\/pages\/30\/revisions"}],"predecessor-version":[{"id":228,"href":"https:\/\/kullkraft.com\/sr\/wp-json\/wp\/v2\/pages\/30\/revisions\/228"}],"wp:attachment":[{"href":"https:\/\/kullkraft.com\/sr\/wp-json\/wp\/v2\/media?parent=30"}],"curies":[{"name":"wp","href":"https:\/\/api.w.org\/{rel}","templated":true}]}}