{"id":31,"date":"2023-07-09T19:42:41","date_gmt":"2023-07-09T19:42:41","guid":{"rendered":"https:\/\/kullkraft.com\/about\/"},"modified":"2025-12-12T10:11:19","modified_gmt":"2025-12-12T10:11:19","slug":"about","status":"publish","type":"page","link":"https:\/\/kullkraft.com\/sr\/about\/","title":{"rendered":"O nama"},"content":{"rendered":"<figure class=\"wp-block-image size-large\"><img loading=\"lazy\" decoding=\"async\" width=\"1024\" height=\"577\" src=\"https:\/\/kullkraft.com\/wp-content\/uploads\/2023\/07\/viktor-kiryanov-lAcYPEiau0U-unsplash-1024x577.jpg\" alt=\"\" class=\"wp-image-63\" srcset=\"https:\/\/kullkraft.com\/wp-content\/uploads\/2023\/07\/viktor-kiryanov-lAcYPEiau0U-unsplash-1024x577.jpg 1024w, https:\/\/kullkraft.com\/wp-content\/uploads\/2023\/07\/viktor-kiryanov-lAcYPEiau0U-unsplash-300x169.jpg 300w, https:\/\/kullkraft.com\/wp-content\/uploads\/2023\/07\/viktor-kiryanov-lAcYPEiau0U-unsplash-768x433.jpg 768w, https:\/\/kullkraft.com\/wp-content\/uploads\/2023\/07\/viktor-kiryanov-lAcYPEiau0U-unsplash-1536x865.jpg 1536w, https:\/\/kullkraft.com\/wp-content\/uploads\/2023\/07\/viktor-kiryanov-lAcYPEiau0U-unsplash-2048x1154.jpg 2048w, https:\/\/kullkraft.com\/wp-content\/uploads\/2023\/07\/viktor-kiryanov-lAcYPEiau0U-unsplash-2000x1127.jpg 2000w, https:\/\/kullkraft.com\/wp-content\/uploads\/2023\/07\/viktor-kiryanov-lAcYPEiau0U-unsplash-18x10.jpg 18w\" sizes=\"auto, (max-width: 1024px) 100vw, 1024px\" \/><\/figure>\n\n\n\n<h2>Kullkraft - Odr\u017eiva budu\u0107nost, uz uva\u017eavanje tradicije<\/h2>\n\n<p>U fascinantnom svetu jezika, povremeno se de\u0161avaju slu\u010dajnosti koje vode do izvanrednih pri\u010da. Takav je slu\u010daj i sa imenom na\u0161e kompanije, Kullkraft. Na prvi pogled, mo\u017ee delovati neobi\u010dno da srpska kompanija koja se specijalizuje za obnovljive izvore energije nosi norve\u0161ko ime koje se prevodi kao \"ugljeni\u010dka energija\". Me\u0111utim, skrivena unutar ove o\u010digledne kontradikcije krije se mo\u0107na pri\u010da koja objedinjuje na\u0161e vrednosti i ambicije.<\/p>\n\n<p>Kullkraft, nastalo od norve\u0161kih re\u010di \"kull\" (ugalj) i \"kraft\" (energija), predstavlja svesno prihvatanje pro\u0161losti i posve\u0107enost transformaciji budu\u0107nosti. To je dokaz o trajnoj snazi i uticaju uglja kao klju\u010dnog izvora energije u oblikovanju ljudske civilizacije. Iako je uglj istorijski odigrao zna\u010dajnu ulogu u napajanju nacija, svesni smo ekolo\u0161kih izazova koji su povezani s njegovom upotrebom i odlu\u010dni smo da predvodimo put ka zelenijoj, odr\u017eivijoj budu\u0107nosti.<\/p>\n\n\n\n<div class=\"wp-block-media-text alignwide is-stacked-on-mobile\"><figure class=\"wp-block-media-text__media\"><img loading=\"lazy\" decoding=\"async\" width=\"791\" height=\"1024\" src=\"https:\/\/kullkraft.com\/wp-content\/uploads\/2023\/07\/solar-panels-g0f8e52a8f_1920-791x1024.jpg\" alt=\"\" class=\"wp-image-66 size-full\" srcset=\"https:\/\/kullkraft.com\/wp-content\/uploads\/2023\/07\/solar-panels-g0f8e52a8f_1920-791x1024.jpg 791w, https:\/\/kullkraft.com\/wp-content\/uploads\/2023\/07\/solar-panels-g0f8e52a8f_1920-232x300.jpg 232w, https:\/\/kullkraft.com\/wp-content\/uploads\/2023\/07\/solar-panels-g0f8e52a8f_1920-768x994.jpg 768w, https:\/\/kullkraft.com\/wp-content\/uploads\/2023\/07\/solar-panels-g0f8e52a8f_1920-1187x1536.jpg 1187w, https:\/\/kullkraft.com\/wp-content\/uploads\/2023\/07\/solar-panels-g0f8e52a8f_1920-9x12.jpg 9w, https:\/\/kullkraft.com\/wp-content\/uploads\/2023\/07\/solar-panels-g0f8e52a8f_1920.jpg 1484w\" sizes=\"auto, (max-width: 791px) 100vw, 791px\" \/><\/figure><div class=\"wp-block-media-text__content\">\n<p>Na\u0161a kompanija je odlu\u010dila da usvoji ime Kullkraft kao simbol na\u0161e nepokolebljive posve\u0107enosti revoluciji energetskog pejza\u017ea. Svesni smo hitne potrebe za odustajanjem od fosilnih goriva i iskori\u0161\u0107avanjem ogromnog potencijala obnovljive energije. Kroz kori\u0161\u0107enje na\u0161ih stru\u010dnosti, ma\u0161tovitosti i inovativnih tehnologija, te\u017eimo da otvorimo put ka svetlijoj, \u010distijoj i odr\u017eivijoj budu\u0107nosti.<\/p>\n\n\n\n<p>U norve\u0161kom jeziku, \"kraft\" ne samo da ozna\u010dava mo\u0107, ve\u0107 u sebi nosi i ideju snage, sile i odlu\u010dnosti. Crpimo inspiraciju iz ovog vi\u0161edimenzionalnog zna\u010denja dok se upu\u0161tamo u na\u0161u misiju da iskoristimo snagu prirode kako bismo gurali \u010dove\u010danstvo napred. Kroz na\u0161e postrojenja za obnovljive izvore energije, koristimo izvanredne snage vetra, sunca, vode i drugih odr\u017eivih izvora kako bismo generisali obilnu, \u010distu i pouzdanu energiju.<\/p>\n<\/div><\/div>\n\n\n\n<p>Paradoksalna priroda na\u0161eg imena stalno nas podse\u0107a na transformi\u0161u\u0107i put kojim se kre\u0107emo. Ono odra\u017eava na\u0161e po\u0161tovanje prema pro\u0161losti, priznanje trenutnim izazovima i jasno utire put ka budu\u0107nosti koju vizioniramo. Kullkraft predstavlja simbol izuzetnog kapaciteta koji posedujemo da ponovo defini\u0161emo na\u0161 odnos prema energiji i prirodnom svetu.<\/p>\n\n<p>Zajedno, krenimo na ovo izvanredno putovanje, gde Kullkraft predstavlja ne samo ime, ve\u0107 i zajedni\u010dku posve\u0107enost uskla\u0111ivanju tradicije i inovacije, premo\u0161\u0107avanju jaza izme\u0111u pro\u0161losti i budu\u0107nosti, stvaranju odr\u017eivog nasle\u0111a za budu\u0107e generacije.<\/p>\n\n\n\n<figure class=\"wp-block-image size-large\"><img loading=\"lazy\" decoding=\"async\" width=\"1024\" height=\"656\" src=\"https:\/\/kullkraft.com\/wp-content\/uploads\/2023\/07\/panel-gbe96b8e23_1920-1024x656.jpg\" alt=\"\" class=\"wp-image-64\" srcset=\"https:\/\/kullkraft.com\/wp-content\/uploads\/2023\/07\/panel-gbe96b8e23_1920-1024x656.jpg 1024w, https:\/\/kullkraft.com\/wp-content\/uploads\/2023\/07\/panel-gbe96b8e23_1920-300x192.jpg 300w, https:\/\/kullkraft.com\/wp-content\/uploads\/2023\/07\/panel-gbe96b8e23_1920-768x492.jpg 768w, https:\/\/kullkraft.com\/wp-content\/uploads\/2023\/07\/panel-gbe96b8e23_1920-1536x984.jpg 1536w, https:\/\/kullkraft.com\/wp-content\/uploads\/2023\/07\/panel-gbe96b8e23_1920-18x12.jpg 18w, https:\/\/kullkraft.com\/wp-content\/uploads\/2023\/07\/panel-gbe96b8e23_1920.jpg 1920w\" sizes=\"auto, (max-width: 1024px) 100vw, 1024px\" \/><\/figure>\n\n\n\n<hr class=\"wp-block-separator has-alpha-channel-opacity\"\/>\n\n\n\n<figure class=\"wp-block-image aligncenter size-large\"><img decoding=\"async\" src=\"https:\/\/www.companywall.rs\/image\/bonitet?id=3018068&amp;type=1&amp;y=2025&amp;v=&amp;lng=\" alt=\"\"\/><\/figure>\n\n\n\n<p><\/p>","protected":false},"excerpt":{"rendered":"<p>Kullkraft &#8211; Embracing Tradition, Pioneering Sustainability In the fascinating realm of language, there are occasional coincidences that lead to remarkable stories. Such is the case with our company&#8217;s name, Kullkraft. At first glance, it may seem peculiar for a Serbian company specializing in renewable energy plants to bear a Norwegian name that translates to &#8220;coal &hellip; <\/p>\n<p class=\"link-more\"><a href=\"https:\/\/kullkraft.com\/sr\/about\/\" class=\"more-link\">Read more<span class=\"screen-reader-text\"> &#8220;About&#8221;<\/span><\/a><\/p>","protected":false},"author":0,"featured_media":0,"parent":0,"menu_order":0,"comment_status":"closed","ping_status":"closed","template":"","meta":{"inline_featured_image":false,"footnotes":""},"class_list":["post-31","page","type-page","status-publish","hentry"],"_links":{"self":[{"href":"https:\/\/kullkraft.com\/sr\/wp-json\/wp\/v2\/pages\/31","targetHints":{"allow":["GET"]}}],"collection":[{"href":"https:\/\/kullkraft.com\/sr\/wp-json\/wp\/v2\/pages"}],"about":[{"href":"https:\/\/kullkraft.com\/sr\/wp-json\/wp\/v2\/types\/page"}],"replies":[{"embeddable":true,"href":"https:\/\/kullkraft.com\/sr\/wp-json\/wp\/v2\/comments?post=31"}],"version-history":[{"count":7,"href":"https:\/\/kullkraft.com\/sr\/wp-json\/wp\/v2\/pages\/31\/revisions"}],"predecessor-version":[{"id":227,"href":"https:\/\/kullkraft.com\/sr\/wp-json\/wp\/v2\/pages\/31\/revisions\/227"}],"wp:attachment":[{"href":"https:\/\/kullkraft.com\/sr\/wp-json\/wp\/v2\/media?parent=31"}],"curies":[{"name":"wp","href":"https:\/\/api.w.org\/{rel}","templated":true}]}}