{"id":53,"date":"2023-07-10T22:34:21","date_gmt":"2023-07-10T22:34:21","guid":{"rendered":"https:\/\/kullkraft.com\/?page_id=53"},"modified":"2023-11-30T19:50:51","modified_gmt":"2023-11-30T19:50:51","slug":"services","status":"publish","type":"page","link":"https:\/\/kullkraft.com\/sr\/services\/","title":{"rendered":"Usluge"},"content":{"rendered":"<h3>Projektovanje<\/h3>\n  <p>Na\u0161 tim stru\u010dnih in\u017eenjera specijalizovan je za razli\u010dite vrste projekata. Bilo da se radi o malim distributivnim mre\u017eama, elektranama ili kompleksnim energetskim sistemima, pru\u017eamo sveobuhvatna re\u0161enja prilago\u0111ena va\u0161im potrebama. <\/p>\n  <h3>Prora\u010dun pode\u0161enja relejne za\u0161tite, studije selektivnosti i konsultantske usluge<\/h3>\n  <p>Nudimo prora\u010dune za\u0161tite, studije selektivnosti i sveobuhvatne konsultantske usluge. Na\u0161 tim stru\u010dnjaka pru\u017ea potrebno znanje i iskustvo kako bi osigurao optimalnu za\u0161titu i pouzdanost va\u0161ih elektroenergetskih sistema.<\/p>\n\n\n\n<div class=\"wp-block-media-text alignwide is-stacked-on-mobile\" style=\"grid-template-columns:49% auto\"><figure class=\"wp-block-media-text__media\"><img loading=\"lazy\" decoding=\"async\" width=\"1024\" height=\"768\" src=\"https:\/\/kullkraft.com\/wp-content\/uploads\/2023\/07\/distributor-gde3e70c43_1920-1024x768.jpg\" alt=\"\" class=\"wp-image-68 size-full\" srcset=\"https:\/\/kullkraft.com\/wp-content\/uploads\/2023\/07\/distributor-gde3e70c43_1920-1024x768.jpg 1024w, https:\/\/kullkraft.com\/wp-content\/uploads\/2023\/07\/distributor-gde3e70c43_1920-300x225.jpg 300w, https:\/\/kullkraft.com\/wp-content\/uploads\/2023\/07\/distributor-gde3e70c43_1920-768x576.jpg 768w, https:\/\/kullkraft.com\/wp-content\/uploads\/2023\/07\/distributor-gde3e70c43_1920-1536x1152.jpg 1536w, https:\/\/kullkraft.com\/wp-content\/uploads\/2023\/07\/distributor-gde3e70c43_1920-16x12.jpg 16w, https:\/\/kullkraft.com\/wp-content\/uploads\/2023\/07\/distributor-gde3e70c43_1920.jpg 1920w\" sizes=\"auto, (max-width: 1024px) 100vw, 1024px\" \/><\/figure><div class=\"wp-block-media-text__content\">\n<h3 class=\"wp-block-heading\">Pu\u0161tanje u rad Smart Grid modula i njihova integracija sa nadzornim jedinicama<\/h3>\n\n\n\n<p>Specijalizovani smo za pu\u0161tanje u rad smart grid modula i njihovu integraciju sa nadzornim jedinicama. Omogu\u0107avamo vam da iskoristite prednosti ove napredne tehnologije za efikasnije upravljanje elektri\u010dnom energijom.<\/p>\n<\/div><\/div>\n\n\n\n<h3>Pu\u0161tanje u rad i ispitivanje mikroprocesorskih za\u0161titnih ure\u0111aja<\/h3>\n  <p>Na\u0161i stru\u010dnjaci imaju iskustvo u pu\u0161tanju u rad i testiranju za\u0161titnih ure\u0111aja baziranih na mikroprocesorima koji su od su\u0161tinskog zna\u010daja za osiguravanje bezbednosti i pouzdanosti elektri\u010dnih sistema.<\/p>\n  <h3>Studije povezivanja i testovi usagla\u0161enosti<\/h3>\n  <p>Pru\u017eamo usluge za sprovo\u0111enje studija povezivanja elektrana na mre\u017eu kako bismo osigurali efikasnu i sigurnu integraciju. Dodatno, vr\u0161imo testiranje usagla\u0161enosti kako bismo osigurali da va\u0161e postrojenje zadovoljava sve relevantne propise i standarde.<\/p>\n  <h3>Testiranje, odr\u017eavanje i pu\u0161tanje u rad rasklopne opreme<\/h3>\n  <p>Vr\u0161imo testiranje, odr\u017eavanje i pu\u0161tanje u rad prekida\u010da i rastavlja\u010da kako bismo osigurali siguran i pouzdan rad va\u0161ih elektri\u010dnih sistema. Na\u0161i stru\u010dnjaci su ve\u0161ti u radu sa razli\u010ditim vrstama prekida\u010da i rastavlja\u010da.<\/p>\n\n\n\n<div class=\"wp-block-media-text alignwide has-media-on-the-right is-stacked-on-mobile\"><div class=\"wp-block-media-text__content\">\n<h3 class=\"wp-block-heading\">Testiranje i pu\u0161tanje u rad strujnih i naponskih mernih transformatora<\/h3>\n\n\n\n<p>Nudimo usluge testiranja i pu\u0161tanja u rad transformatora za merenje struje i napona. Na\u0161 tim poseduje naprednu opremu i znanje kako bi osigurao precizna merenja i ta\u010dne rezultate.<\/p>\n<\/div><figure class=\"wp-block-media-text__media\"><img loading=\"lazy\" decoding=\"async\" width=\"1024\" height=\"705\" src=\"https:\/\/kullkraft.com\/wp-content\/uploads\/2023\/07\/thomas-kelley-xVptEZzgVfo-unsplash-1024x705.jpg\" alt=\"\" class=\"wp-image-73 size-full\" srcset=\"https:\/\/kullkraft.com\/wp-content\/uploads\/2023\/07\/thomas-kelley-xVptEZzgVfo-unsplash-1024x705.jpg 1024w, https:\/\/kullkraft.com\/wp-content\/uploads\/2023\/07\/thomas-kelley-xVptEZzgVfo-unsplash-300x207.jpg 300w, https:\/\/kullkraft.com\/wp-content\/uploads\/2023\/07\/thomas-kelley-xVptEZzgVfo-unsplash-768x529.jpg 768w, https:\/\/kullkraft.com\/wp-content\/uploads\/2023\/07\/thomas-kelley-xVptEZzgVfo-unsplash-1536x1057.jpg 1536w, https:\/\/kullkraft.com\/wp-content\/uploads\/2023\/07\/thomas-kelley-xVptEZzgVfo-unsplash-2048x1410.jpg 2048w, https:\/\/kullkraft.com\/wp-content\/uploads\/2023\/07\/thomas-kelley-xVptEZzgVfo-unsplash-2000x1377.jpg 2000w, https:\/\/kullkraft.com\/wp-content\/uploads\/2023\/07\/thomas-kelley-xVptEZzgVfo-unsplash-18x12.jpg 18w\" sizes=\"auto, (max-width: 1024px) 100vw, 1024px\" \/><\/figure><\/div>\n\n\n\n<h2>O\u017ei\u010denje kontrolnih ormana, ormana sa brojilima, regulacionih i ormana sa za\u0161titom<\/h2>\n  <p>Na\u0161 tim stru\u010dnjaka specijalizovan je za elektri\u010dno povezivanje razli\u010ditih vrsta kontrolnih ormana, ormana sa brojilima, regulacionih ormana i ormana za\u0161tite. Pru\u017eamo visokokvalitetno i precizno povezivanje kako bismo osigurali optimalnu funkcionalnost va\u0161ih energetskih sistema.<\/p>\n  <h2>Ugradnja kablovskih zavr\u0161nica i spojnica. Zamena kablova<\/h2>\n  <p>Obavljamo instalacije kablovskih zavr\u0161etaka i spojnica, kao i zamenu kablova. Osiguravamo preciznu instalaciju i povezivanje kablova kako bismo garantovali pouzdanost i efikasnost elektri\u010dnih veza.<\/p>\n  <h2>Detekcija curenja SF6 gasa<\/h2>\n  <p>Nudimo usluge detekcije curenja SF6 gasa, koji se \u010desto koristi kao izolacioni gas u elektri\u010dnim instalacijama. Na\u0161a napredna oprema omogu\u0107ava nam da otkrijemo i re\u0161imo curenje radi o\u010duvanja sigurnosti i celovitosti sistema.<\/p>\n  <h2>Inspekcija, revizija i pu\u0161tanje u rad regulacionih sklopki i pogonskih motora sa zamenom transformatorskog ulja, ovla\u0161\u0107eno od strane proizvo\u0111a\u010da<\/h2>\n  <p>Mi pru\u017eamo usluge inspekcije, revizije i pu\u0161tanja u rad regulacionih sklopki i pogonskih motora, uklju\u010duju\u0107i zamenu transformatorskog ulja. Na\u0161 tim je ovla\u0161\u0107en od strane proizvo\u0111a\u010da, \u0161to garantuje visok kvalitet i uskla\u0111enost sa standardima.<\/p>\n  <h2>Zaptivanje transformatora i komponenti - metoda hidrauli\u010dnog injektiranja silanta i primena posebnog zaptivnog materijala na bazi te\u010dnog metala (izolatori, grani\u010dnici itd.)<\/h2>\n  <p>Vr\u0161imo zaptivanje transformatora i komponenti koriste\u0107i napredne metode poput hidrauli\u010dnog injektiranja silanta i primenu posebnih zaptivnih materijala na bazi te\u010dnog metala. Ove tehnike osiguravaju visoku efikasnost i trajnost va\u0161ih transformatora.<\/p>\n  <h2>\u010ci\u0161\u0107enje izolatora<\/h2>\n  <p>Na\u0161 tim stru\u010dnjaka vr\u0161i \u010di\u0161\u0107enje izolatora radi uklanjanja zaga\u0111iva\u010da i osiguravanja njihove pravilne funkcionalnosti. Koristimo specijalne tehnike i materijale kako bismo garantovali visok nivo \u010disto\u0107e i sigurnosti.<\/p>\n  <h2>Zamena izolatorskih lanaca na dalekovodnim stubovima i portalima<\/h2>\n  <p>Mi smo specijalizovani za zamenu lan\u010danih izolatora na dalekovodnim stubovima i portalima. Na\u0161 stru\u010dni tim efikasno i sigurno obezbe\u0111uje pouzdanost i dugotrajnost va\u0161ih energetskih sistema.<\/p>\n  <h2>Revizija izvedenog stanja<\/h2>\n  <p>Na\u0161a stru\u010dna analiza poma\u017ee u identifikaciji potencijalnih problema i optimizaciji rada sistema za za\u0161titu kako bi se osigurala pouzdanost i sigurnost.<\/p>\n  <h2>Testiranje, remont i pu\u0161tanje u rad rasklopne opreme<\/h2>\n  <p>Mi vr\u0161imo testiranje, reviziju i pu\u0161tanje u rad prekida\u010da i rastavlja\u010da kako bismo osigurali siguran i pouzdan rad va\u0161ih elektri\u010dnih sistema. Na\u0161i stru\u010dnjaci poseduju ekspertizu u ovoj oblasti.<\/p>\n\n\n\n<figure class=\"wp-block-image size-large\"><img loading=\"lazy\" decoding=\"async\" width=\"1024\" height=\"665\" src=\"https:\/\/kullkraft.com\/wp-content\/uploads\/2023\/07\/robert-linder-BJILnzj53_M-unsplash-1024x665.jpg\" alt=\"\" class=\"wp-image-76\" srcset=\"https:\/\/kullkraft.com\/wp-content\/uploads\/2023\/07\/robert-linder-BJILnzj53_M-unsplash-1024x665.jpg 1024w, https:\/\/kullkraft.com\/wp-content\/uploads\/2023\/07\/robert-linder-BJILnzj53_M-unsplash-300x195.jpg 300w, https:\/\/kullkraft.com\/wp-content\/uploads\/2023\/07\/robert-linder-BJILnzj53_M-unsplash-768x499.jpg 768w, https:\/\/kullkraft.com\/wp-content\/uploads\/2023\/07\/robert-linder-BJILnzj53_M-unsplash-1536x998.jpg 1536w, https:\/\/kullkraft.com\/wp-content\/uploads\/2023\/07\/robert-linder-BJILnzj53_M-unsplash-2048x1330.jpg 2048w, https:\/\/kullkraft.com\/wp-content\/uploads\/2023\/07\/robert-linder-BJILnzj53_M-unsplash-2000x1299.jpg 2000w, https:\/\/kullkraft.com\/wp-content\/uploads\/2023\/07\/robert-linder-BJILnzj53_M-unsplash-18x12.jpg 18w\" sizes=\"auto, (max-width: 1024px) 100vw, 1024px\" \/><\/figure>","protected":false},"excerpt":{"rendered":"<p>Electrical Design Our team of expert engineers specializes in various types of electrical design. Whether it&#8217;s small distribution networks, power plants or complex power systems, we provide comprehensive solutions tailored to your needs. Protection Calculations, Selectivity Studies, and Consulting Services We offer protection calculations, selectivity studies, and comprehensive consulting services. Our team of experts provides &hellip; <\/p>\n<p class=\"link-more\"><a href=\"https:\/\/kullkraft.com\/sr\/services\/\" class=\"more-link\">Read more<span class=\"screen-reader-text\"> &#8220;Services&#8221;<\/span><\/a><\/p>","protected":false},"author":1,"featured_media":0,"parent":0,"menu_order":0,"comment_status":"closed","ping_status":"closed","template":"","meta":{"inline_featured_image":false,"footnotes":""},"class_list":["post-53","page","type-page","status-publish","hentry"],"_links":{"self":[{"href":"https:\/\/kullkraft.com\/sr\/wp-json\/wp\/v2\/pages\/53","targetHints":{"allow":["GET"]}}],"collection":[{"href":"https:\/\/kullkraft.com\/sr\/wp-json\/wp\/v2\/pages"}],"about":[{"href":"https:\/\/kullkraft.com\/sr\/wp-json\/wp\/v2\/types\/page"}],"author":[{"embeddable":true,"href":"https:\/\/kullkraft.com\/sr\/wp-json\/wp\/v2\/users\/1"}],"replies":[{"embeddable":true,"href":"https:\/\/kullkraft.com\/sr\/wp-json\/wp\/v2\/comments?post=53"}],"version-history":[{"count":13,"href":"https:\/\/kullkraft.com\/sr\/wp-json\/wp\/v2\/pages\/53\/revisions"}],"predecessor-version":[{"id":176,"href":"https:\/\/kullkraft.com\/sr\/wp-json\/wp\/v2\/pages\/53\/revisions\/176"}],"wp:attachment":[{"href":"https:\/\/kullkraft.com\/sr\/wp-json\/wp\/v2\/media?parent=53"}],"curies":[{"name":"wp","href":"https:\/\/api.w.org\/{rel}","templated":true}]}}