{"id":97,"date":"2023-07-15T12:58:10","date_gmt":"2023-07-15T12:58:10","guid":{"rendered":"https:\/\/kullkraft.com\/?page_id=97"},"modified":"2026-01-11T17:37:33","modified_gmt":"2026-01-11T17:37:33","slug":"projects","status":"publish","type":"page","link":"https:\/\/kullkraft.com\/sr\/projects\/","title":{"rendered":"Projekti"},"content":{"rendered":"<p><\/p>\n\n\n\n<p><strong>Projekti u 2025<\/strong><\/p>\n\n\n\n<p><strong>Klijenti i<\/strong> <strong>opis projekata:<\/strong><\/p>\n\n\n\n<ul class=\"wp-block-list\">\n<li>Relay protection testing, high voltage (110 kV) switchgear testing, transformer testing<\/li>\n\n\n\n<li>Ivovik wind farm complience testing<\/li>\n\n\n\n<li>EPS RHE Bajina Ba\u0161ta High voltage (220 kV) line differential protection commissioning<\/li>\n\n\n\n<li>Solar power plants system protection testing (multiple plants)<\/li>\n\n\n\n<li>854 MW Maestrale ring wind farm medium voltage cabling design<\/li>\n\n\n\n<li>Vin\u010da power plant relay protection testing, transformer and generator insulation testing<\/li>\n\n\n\n<li>GSP Rectifier station MV switchgear installing and commissioning<\/li>\n\n\n\n<li>50 MW Bikovo solar power plant medium voltage design<\/li>\n\n\n\n<li>Solar power plant relay protection and power quality testing<\/li>\n\n\n\n<li>LV and MV switchgear installing and commissioning, transformer commissioning<\/li>\n\n\n\n<li>Rooftop solar power plant 130 kW design, installing, testing and commissioning<\/li>\n\n\n\n<li>Co-generation power plants relay protection testing and debugging<\/li>\n\n\n\n<li>Execution of compliance tests to verify solar power plant (SPP)<\/li>\n<\/ul>\n\n\n\n<p><strong>Projekti u 2024<\/strong><\/p>\n\n\n\n<p><strong>Klijenti i<\/strong> <strong>opis projekata:<\/strong><\/p>\n\n\n\n<ul class=\"wp-block-list\">\n<li>Study of connecting Solar Power Plant Borike<\/li>\n\n\n\n<li>Solar Power Plant Bor4 and Lianshao documentation check, consulting during functional testing<\/li>\n\n\n\n<li>FGD TENT A commissioning completion<\/li>\n\n\n\n<li>Adjustment and regular testing of relay protection for cement plant<\/li>\n\n\n\n<li>Calculation and verification of TEKO B3 protection settings<\/li>\n\n\n\n<li>Solar Power Plant 10 MW complete equipment testing (cables, circuit breakers, grounding, switchgear, relay protection, SCADA signals etc.)<\/li>\n\n\n\n<li>Regular testing of relay protection and switches  for cement plant<\/li>\n\n\n\n<li>Commissioning of 092 system in TEKO B3<\/li>\n\n\n\n<li>Additional calculation for FNE Borike<\/li>\n\n\n\n<li>Calculation of MV protection for 092 system in TEKO B3<\/li>\n\n\n\n<li>Soft starters for 092 system in TEKO B3<\/li>\n\n\n\n<li>Testing of relay protection at SE Terasteel Leskovac<\/li>\n\n\n\n<li>Testing of relay protection in IS GSP according to the tender<\/li>\n\n\n\n<li>Design of cable network project Maestrale Ring<\/li>\n\n\n\n<li>Study of Solar Power Plant Modrin<\/li>\n\n\n\n<li>Signal testing of 091 system at TEKO B3<\/li>\n\n\n\n<li>FAT testing at HPP Rovni<\/li>\n\n\n\n<li>Testing of protection functions at Solar Power Plants BEP 1 and 2 Boljevac<\/li>\n\n\n\n<li>Conceptual design of Solar Power Plant MegaMont 120 kW in Kraljevo<\/li>\n\n\n\n<li>Testing of generator protections at Thermal Power Plant Morava<\/li>\n\n\n\n<li>Testing of relay protection in 110\/35 kV substation<\/li>\n\n\n\n<li>Testing of relay protection at Solar Power Plant Pobeda Leskovac<\/li>\n\n\n\n<li>Preparation of technical documentation for the replacement of 220 kV switches at HPP Bistrica<\/li>\n\n\n\n<li>Commissioning of the heating system power supply 6 kV at TPP Kostolac A<\/li>\n\n\n\n<li>Testing of relay protection at TS GSP according to the tender<\/li>\n\n\n\n<li>Purchase and installation of 10 kV switchgear at GSP Belgrade<\/li>\n\n\n\n<li>Purchase and installation of MV DC switchgear at GSP Belgrade<\/li>\n\n\n\n<li>Project design of 110 kV busbar protection with relay protection testing<\/li>\n\n\n\n<li>Project design and retrofit of generator protections at Thermal Power Plant Kostolac A<\/li>\n<\/ul>\n\n\n\n<p><strong>Projekti pre 2024<\/strong><\/p>\n\n\n\n<p>1. Inspekcije u TE Afrin\/Elbistan Afisan nakon zemljotresa. Procena elektri\u010dnog dela uklju\u010duju\u0107i stanje generatora, stanje blok transformatora (zamena ulja i sistema za hla\u0111enje), stanje za\u0161tite generatora, za\u0161tite glavnog transformatora i pomo\u0107nog transformatora, sistema za pobudu i MV i LV prekida\u010dkih sistema i postrojenja za flue gas desulfurization - FGD.<\/p>\n\n\n\n<p>2. Evaluacija rehabilitacije TE Bandar Abas u Iranu \u2013 elektri\u010dni deo (zamena), uklju\u010duju\u0107i stanje generatora (zamena), stanje glavnog transformatora (ispitivanje i zamena ulja i sistema za hla\u0111enje), zamena za\u0161tite generatora, za\u0161tite glavnog transformatora i pomo\u0107nog transformatora (koordinacija sa sistemom pobude i za\u0161titom mre\u017ee). <\/p>\n\n\n\n<p>3. Studija relejne za\u0161tite transformatora 110\/11 kV i dalekovoda 110 kV (Vin\u010da \u2013 Beograd 20) u PRP Vin\u010da. <\/p>\n\n\n\n<p>4. Studijska analiza mogu\u0107nosti priklju\u010denja pet solarnih elektrana na prenosni sistem u Bosni. <\/p>\n\n\n\n<p>5. Studija elektri\u010dne za\u0161tite sa prora\u010dunom za pumpnu stanicu \"Savski trg\". <\/p>\n\n\n\n<p>6. Prora\u010dun pode\u0161avanja elektri\u010dne za\u0161tite postrojenja 35 kV u \"DR\u017dAVNI CENTAR ZA UPRAVLJANJE I SKLADI\u0160TENJE PODATAKA \u2013 DATA CENTAR\" \u2013 KRAGUJEVAC. <\/p>\n\n\n\n<p>7. Ugradnja i pu\u0161tanje u rad relejnih za\u0161titnih ure\u0111aja (EFACEC) u okviru RP 35 kV \"Dolac\" u TS 35\/10 kV \"Dolac\". <\/p>\n\n\n\n<p>8. Fabricka ispitivanja autotransformatora 300\/300\/100 MVA, 400\u00b18\u00d71.25%\/115\/10.5 kV, za trafostanicu Podgorica 2 (Tolo\u0161i), Crna Gora, za slede\u0107e stavke. <\/p>\n\n\n\n<p>9. Ispitivanje dva autotransformatora 400\/110 kV, 300 MVA, Chint Electric Co., Ltd., tip OSFPSZ-300000\/400, Crna Gora. <\/p>\n\n\n\n<p>10. Ispitivanja za\u0161tita i transformatora i ostalo elektrootr\u017eavanje u cementarama Lafarge Holcim u Srbiji. <\/p>\n\n\n\n<p>11. Projekat izgradnje sistema za odsumporavanje dimnih gasova na blokovima A3, A4, A5 i A6 u TE Nikola Tesla, Srbija \u2013 pitanja za\u0161tite u elektri\u010dnom delu, tim za pu\u0161tanje u rad \u2013 tim stru\u010dnjaka za elektri\u010dnu opremu, funkcionalna ispitivanja i pu\u0161tanje u rad. <\/p>\n\n\n\n<p>12. Konsultantske usluge za pro\u0161irenje mre\u017ee 33 kV radi povezivanja glavne stanice Abu Al Abyad na centralnu mre\u017enu stanicu, zajedno sa unapre\u0111enjem i poja\u010danjem 11 kV i niskonaponske mre\u017ee u Abu Al Abyadu, Zapadni region Abu Dabija. Klijent i vlasnik ostrva je Njegova Ekselencija \u0161eik Kalifa Bin Zajed Al Nahijan, predsednik Ujedinjenih Arapskih Emirata. <\/p>\n\n\n\n<p>13. Konsultantske usluge za Kahramaa (Op\u0161ta kompanija za elektri\u010dnu energiju i vodu Katara) \u2013 Projekat faza VIII (GTC 06\/143 OHL), konsultantske usluge za uspostavljanje dalekovoda visokog napona (220 kV i 400 kV) i izmene na dalekovodima 132\/66 kV. <\/p>\n\n\n\n<p>14. Regular testing and maintenance of protection systems for 110 kV and 6 kV facilities<\/p>\n\n\n\n<p>15. Commissioning and testing of diesel generators (relay protection and PMS)<\/p>\n\n\n\n<p>16. Nema\u010dka, \u0160panija, Poljska, Kina, Egipat itd. \u2013 Pu\u0161tanje u rad i ispitivanje za\u0161titnih sistema i PMS na brodovima SS. <\/p>\n\n\n\n<p>17. Regular testing and maintenance of protection systems for 110 kV, 20 kV, and 6 kV facilities, Installation and commissioning of protection systems for 20 kV and 6 kV<\/p>\n\n\n\n<p>18. Regular testing and maintenance of protection systems for 110 kV and 6 kV facilities<\/p>\n\n\n\n<p>19. Regular testing and maintenance of protection systems for 110 kV lines<\/p>\n\n\n\n<p>20. Maintenance of protection systems and circuit breakers for 6 kV<\/p>\n\n\n\n<p>21. Regular testing and maintenance of protection systems for 110 kV and 6 kV facilities<\/p>\n\n\n\n<p>22. Commissioning and testing of diesel generators, auxiliary transformers, insulation testing, voltage and current sensor testing on HVDC (500 kV), SF6 gas testing and leakage detection<\/p>\n\n\n\n<p>23. Regular testing and maintenance of protection systems for 110 kV and 6 kV facilities<\/p>\n\n\n\n<p>24. Commissioning and testing of AVR for transformers 110\/35 kV<\/p>\n\n\n\n<p>25. Regular testing and maintenance of protection systems for 20 kV windfarm facilities<\/p>\n\n\n\n<p>26. Regular testing and maintenance of protection systems for 20 kV windfarm facilities<\/p>\n\n\n\n<p>27.Design of 22 kV and 0.4 kV distribution for data center power supply, calculation of relay protection settings, development of selectivity studies, creation of protection device configurations<\/p>\n\n\n\n<p>28. Commissioning and testing of relay protection for train line 25 kV<\/p>\n\n\n\n<p>29. Commissioning and testing of protection systems 6 kV facilities<\/p>","protected":false},"excerpt":{"rendered":"<p>Projects in 2025 Clients and Project Description: Projects in 2024 Clients and Project Description: Projects before 2024 1. Inspections at TPP Afrin\/Elbistan Afisan after earthquake. Evaluation for electrical part including condition of generator, condition of main transformer (replacement of oil and cooling system, condition of generator protection, main transformer protection and auxiliary transformer, excitation system &hellip; <\/p>\n<p class=\"link-more\"><a href=\"https:\/\/kullkraft.com\/sr\/projects\/\" class=\"more-link\">Read more<span class=\"screen-reader-text\"> &#8220;Projects&#8221;<\/span><\/a><\/p>","protected":false},"author":1,"featured_media":0,"parent":0,"menu_order":0,"comment_status":"closed","ping_status":"closed","template":"","meta":{"inline_featured_image":false,"footnotes":""},"class_list":["post-97","page","type-page","status-publish","hentry"],"_links":{"self":[{"href":"https:\/\/kullkraft.com\/sr\/wp-json\/wp\/v2\/pages\/97","targetHints":{"allow":["GET"]}}],"collection":[{"href":"https:\/\/kullkraft.com\/sr\/wp-json\/wp\/v2\/pages"}],"about":[{"href":"https:\/\/kullkraft.com\/sr\/wp-json\/wp\/v2\/types\/page"}],"author":[{"embeddable":true,"href":"https:\/\/kullkraft.com\/sr\/wp-json\/wp\/v2\/users\/1"}],"replies":[{"embeddable":true,"href":"https:\/\/kullkraft.com\/sr\/wp-json\/wp\/v2\/comments?post=97"}],"version-history":[{"count":34,"href":"https:\/\/kullkraft.com\/sr\/wp-json\/wp\/v2\/pages\/97\/revisions"}],"predecessor-version":[{"id":239,"href":"https:\/\/kullkraft.com\/sr\/wp-json\/wp\/v2\/pages\/97\/revisions\/239"}],"wp:attachment":[{"href":"https:\/\/kullkraft.com\/sr\/wp-json\/wp\/v2\/media?parent=97"}],"curies":[{"name":"wp","href":"https:\/\/api.w.org\/{rel}","templated":true}]}}